{"id":57,"date":"2013-09-09T11:52:50","date_gmt":"2013-09-09T14:52:50","guid":{"rendered":"http:\/\/www.ppgeb.cap.uerj.br\/?page_id=57"},"modified":"2025-11-26T15:05:35","modified_gmt":"2025-11-26T18:05:35","slug":"o-programa","status":"publish","type":"page","link":"https:\/\/www.ppgeb.cap.uerj.br\/","title":{"rendered":"O Programa"},"content":{"rendered":"<p style=\"text-align: justify;\">O <strong>PROGRAMA DE P\u00d3S-GRADUA\u00c7\u00c3O EM ENSINO EM EDUCA\u00c7\u00c3O B\u00c1SICA \u2013 CURSO DE MESTRADO PROFISSIONAL (PPGEB)<\/strong>\u00a0est\u00e1 sediado no Instituto de Aplica\u00e7\u00e3o Fernando Rodrigues da Silveira (CAp-UERJ). Esta Unidade acad\u00eamica tem suas origens no Col\u00e9gio de Aplica\u00e7\u00e3o da mesma Universidade. Ao longo de sua exist\u00eancia, vem ocupando uma posi\u00e7\u00e3o de vanguarda, destacando-se, interna e externamente, como centro de excel\u00eancia de ensino, pesquisa, extens\u00e3o e campo de est\u00e1gio, notadamente reconhecido pelas Secretarias de Educa\u00e7\u00e3o, pelas comunidades universit\u00e1rias e pela comunidade em geral.<\/p>\n<p style=\"text-align: justify;\">O PPGEB destina-se a portadores de diploma de curso de gradua\u00e7\u00e3o plena emitido por Institui\u00e7\u00e3o de Ensino Superior (IES) oficial ou reconhecida pelo Conselho Nacional de Educa\u00e7\u00e3o (CNE) em pedagogia, demais licenciaturas ou em outras \u00e1reas, desde que envolvidos em atividades docentes no \u00e2mbito escolar.<\/p>\n<p style=\"text-align: justify;\">S\u00e3o objetivos do PPGEB:<\/p>\n<ul>\n<li>qualificar, em n\u00edvel de mestrado, licenciados ou outros graduados envolvidos em atividades docentes de modo que adquiram ampla vis\u00e3o das quest\u00f5es e desafios que envolvem a Educa\u00e7\u00e3o B\u00e1sica, para que possam atuar como agentes na melhoria da qualidade do ensino no pa\u00eds;<\/li>\n<li style=\"text-align: justify;\">estimular a produ\u00e7\u00e3o de conhecimentos sobre a escola e pela escola;<\/li>\n<li style=\"text-align: justify;\">potencializar a realiza\u00e7\u00e3o de pesquisas e a consequente produ\u00e7\u00e3o de conhecimentos voltados aos problemas da Educa\u00e7\u00e3o B\u00e1sica com foco na melhoria da qualidade do ensino.<\/li>\n<\/ul>\n<p style=\"text-align: justify;\">A \u00e1rea de concentra\u00e7\u00e3o do programa, denominada <strong>\u201cCotidiano e curr\u00edculo na Educa\u00e7\u00e3o B\u00e1sica\u201d<\/strong>, estrutura-se em torno de duas linhas de pesquisa: <b>1. Aprendizagem e Forma\u00e7\u00e3o Humana na Educa\u00e7\u00e3o B\u00e1sica e\u00a0<\/b><b>2. Metodologias e Tecnologias do Ensino e Processos\u00a0Formativos<\/b>. As pesquisas visam a expandir e aplicar metodologias de a\u00e7\u00e3o inclusiva, de responsabilidade socioambiental, de redu\u00e7\u00e3o da cultura da viol\u00eancia e da discrimina\u00e7\u00e3o, da amplia\u00e7\u00e3o do uso das tecnologias da comunica\u00e7\u00e3o e da informa\u00e7\u00e3o em diversas linguagens e do desenvolvimento das artes e da pluralidade cultural.<\/p>\n","protected":false},"excerpt":{"rendered":"<p>O PROGRAMA DE P\u00d3S-GRADUA\u00c7\u00c3O EM ENSINO EM EDUCA\u00c7\u00c3O B\u00c1SICA \u2013 CURSO DE MESTRADO PROFISSIONAL (PPGEB)\u00a0est\u00e1 sediado no Instituto de Aplica\u00e7\u00e3o Fernando Rodrigues da Silveira (CAp-UERJ). Esta Unidade acad\u00eamica tem suas origens no Col\u00e9gio de Aplica\u00e7\u00e3o da mesma Universidade. Ao longo <a href=\"https:\/\/www.ppgeb.cap.uerj.br\/\" class=\"read-more\">Leia mais&#8230;<\/a><\/p>\n","protected":false},"author":1,"featured_media":0,"parent":0,"menu_order":1,"comment_status":"closed","ping_status":"closed","template":"","meta":{"footnotes":""},"class_list":["post-57","page","type-page","status-publish","hentry"],"_links":{"self":[{"href":"https:\/\/www.ppgeb.cap.uerj.br\/index.php?rest_route=\/wp\/v2\/pages\/57","targetHints":{"allow":["GET"]}}],"collection":[{"href":"https:\/\/www.ppgeb.cap.uerj.br\/index.php?rest_route=\/wp\/v2\/pages"}],"about":[{"href":"https:\/\/www.ppgeb.cap.uerj.br\/index.php?rest_route=\/wp\/v2\/types\/page"}],"author":[{"embeddable":true,"href":"https:\/\/www.ppgeb.cap.uerj.br\/index.php?rest_route=\/wp\/v2\/users\/1"}],"replies":[{"embeddable":true,"href":"https:\/\/www.ppgeb.cap.uerj.br\/index.php?rest_route=%2Fwp%2Fv2%2Fcomments&post=57"}],"version-history":[{"count":18,"href":"https:\/\/www.ppgeb.cap.uerj.br\/index.php?rest_route=\/wp\/v2\/pages\/57\/revisions"}],"predecessor-version":[{"id":4223,"href":"https:\/\/www.ppgeb.cap.uerj.br\/index.php?rest_route=\/wp\/v2\/pages\/57\/revisions\/4223"}],"wp:attachment":[{"href":"https:\/\/www.ppgeb.cap.uerj.br\/index.php?rest_route=%2Fwp%2Fv2%2Fmedia&parent=57"}],"curies":[{"name":"wp","href":"https:\/\/api.w.org\/{rel}","templated":true}]}}